{"id":8,"date":"2024-09-08T14:11:00","date_gmt":"2024-09-08T14:11:00","guid":{"rendered":"https:\/\/leaderrent.optimize-dev.fr\/?page_id=8"},"modified":"2026-02-20T09:48:28","modified_gmt":"2026-02-20T09:48:28","slug":"nos-agences","status":"publish","type":"page","link":"http:\/\/www.leader-rent.fr\/en\/nos-agences\/","title":{"rendered":"Our locations"},"content":{"rendered":"\t\t<div data-elementor-type=\"wp-page\" data-elementor-id=\"8\" class=\"elementor elementor-8\" data-elementor-post-type=\"page\">\n\t\t\t\t<div class=\"elementor-element elementor-element-de7e4f4 e-flex e-con-boxed e-con e-parent\" data-id=\"de7e4f4\" data-element_type=\"container\" data-e-type=\"container\">\n\t\t\t\t\t<div class=\"e-con-inner\">\n\t\t\t\t<div class=\"elementor-element elementor-element-cdbef34 elementor-widget elementor-widget-heading\" data-id=\"cdbef34\" data-element_type=\"widget\" data-e-type=\"widget\" data-widget_type=\"heading.default\">\n\t\t\t\t<div class=\"elementor-widget-container\">\n\t\t\t\t\t<h2 class=\"elementor-heading-title elementor-size-default\">Location dans le sud-ouest<\/h2>\t\t\t\t<\/div>\n\t\t\t\t<\/div>\n\t\t\t\t<div class=\"elementor-element elementor-element-c5cec37 elementor-widget elementor-widget-text-editor\" data-id=\"c5cec37\" data-element_type=\"widget\" data-e-type=\"widget\" data-widget_type=\"text-editor.default\">\n\t\t\t\t<div class=\"elementor-widget-container\">\n\t\t\t\t\t\t\t\t\t<p><b>Louez des v\u00e9hicules de qualit\u00e9s en France.<\/b><\/p><p><b> Notre flotte compte plus de 1500 utilitaires et voitures de location, dont les meilleurs mod\u00e8les des constructeurs automobiles comme Peugeot, Renault, Volkswagen et bien d\u2019autres encore.<\/b><\/p>\t\t\t\t\t\t\t\t<\/div>\n\t\t\t\t<\/div>\n\t\t\t\t\t<\/div>\n\t\t\t\t<\/div>\n\t\t<div class=\"elementor-element elementor-element-f06b4e0 e-flex e-con-boxed e-con e-parent\" data-id=\"f06b4e0\" data-element_type=\"container\" data-e-type=\"container\">\n\t\t\t\t\t<div class=\"e-con-inner\">\n\t\t<div class=\"elementor-element elementor-element-606a836 e-con-full e-flex e-con e-child\" data-id=\"606a836\" data-element_type=\"container\" data-e-type=\"container\">\n\t\t\t\t<div class=\"elementor-element elementor-element-e0f9ae0 elementor-widget elementor-widget-hotspot\" data-id=\"e0f9ae0\" data-element_type=\"widget\" data-e-type=\"widget\" data-settings=\"{&quot;hotspot&quot;:[{&quot;_id&quot;:&quot;32de2c1&quot;,&quot;hotspot_icon&quot;:{&quot;value&quot;:&quot;fas fa-map-marker-alt&quot;,&quot;library&quot;:&quot;fa-solid&quot;},&quot;hotspot_offset_x&quot;:{&quot;unit&quot;:&quot;%&quot;,&quot;size&quot;:32,&quot;sizes&quot;:[]},&quot;hotspot_offset_y&quot;:{&quot;unit&quot;:&quot;%&quot;,&quot;size&quot;:52,&quot;sizes&quot;:[]},&quot;hotspot_tooltip_position&quot;:&quot;yes&quot;,&quot;hotspot_tooltip_width&quot;:{&quot;unit&quot;:&quot;%&quot;,&quot;size&quot;:3,&quot;sizes&quot;:[]},&quot;hotspot_custom_size&quot;:&quot;&quot;,&quot;hotspot_width&quot;:{&quot;unit&quot;:&quot;px&quot;,&quot;size&quot;:0,&quot;sizes&quot;:[]},&quot;hotspot_height&quot;:{&quot;unit&quot;:&quot;px&quot;,&quot;size&quot;:0,&quot;sizes&quot;:[]},&quot;hotspot_tooltip_content&quot;:&quot;Leader Rent M\\u00e9rignac&lt;br&gt;\\n&lt;span style=\\&quot;font-size:12px;\\&quot;&gt;1 Bis Avenue Marcel Dassault &lt;br&gt;33700 MERIGNAC&lt;\\\/span&gt;&quot;,&quot;hotspot_label&quot;:&quot;&quot;,&quot;hotspot_link&quot;:{&quot;url&quot;:&quot;&quot;,&quot;is_external&quot;:&quot;&quot;,&quot;nofollow&quot;:&quot;&quot;,&quot;custom_attributes&quot;:&quot;&quot;},&quot;hotspot_horizontal&quot;:&quot;left&quot;,&quot;hotspot_vertical&quot;:&quot;top&quot;,&quot;hotspot_position&quot;:&quot;&quot;},{&quot;hotspot_icon&quot;:{&quot;value&quot;:&quot;fas fa-map-marker-alt&quot;,&quot;library&quot;:&quot;fa-solid&quot;},&quot;hotspot_offset_x&quot;:{&quot;unit&quot;:&quot;%&quot;,&quot;size&quot;:36,&quot;sizes&quot;:[]},&quot;hotspot_offset_y&quot;:{&quot;unit&quot;:&quot;%&quot;,&quot;size&quot;:51,&quot;sizes&quot;:[]},&quot;hotspot_tooltip_position&quot;:&quot;yes&quot;,&quot;hotspot_tooltip_width&quot;:{&quot;unit&quot;:&quot;%&quot;,&quot;size&quot;:3,&quot;sizes&quot;:[]},&quot;hotspot_custom_size&quot;:&quot;&quot;,&quot;hotspot_tooltip_content&quot;:&quot;Leader Rent Tresses&lt;br&gt;\\n&lt;span style=\\&quot;font-size:12px;\\&quot;&gt;78 Bis Avenue de Branne&lt;br&gt;33370 TRESSES &lt;\\\/span&gt;&quot;,&quot;_id&quot;:&quot;0baabc8&quot;,&quot;hotspot_label&quot;:&quot;&quot;,&quot;hotspot_link&quot;:{&quot;url&quot;:&quot;&quot;,&quot;is_external&quot;:&quot;&quot;,&quot;nofollow&quot;:&quot;&quot;,&quot;custom_attributes&quot;:&quot;&quot;},&quot;hotspot_horizontal&quot;:&quot;left&quot;,&quot;hotspot_vertical&quot;:&quot;top&quot;,&quot;hotspot_position&quot;:&quot;&quot;},{&quot;hotspot_icon&quot;:{&quot;value&quot;:&quot;fas fa-map-marker-alt&quot;,&quot;library&quot;:&quot;fa-solid&quot;},&quot;hotspot_offset_x&quot;:{&quot;unit&quot;:&quot;%&quot;,&quot;size&quot;:14,&quot;sizes&quot;:[]},&quot;hotspot_offset_y&quot;:{&quot;unit&quot;:&quot;%&quot;,&quot;size&quot;:83,&quot;sizes&quot;:[]},&quot;hotspot_tooltip_position&quot;:&quot;yes&quot;,&quot;hotspot_tooltip_width&quot;:{&quot;unit&quot;:&quot;%&quot;,&quot;size&quot;:0,&quot;sizes&quot;:[]},&quot;hotspot_custom_size&quot;:&quot;&quot;,&quot;hotspot_tooltip_content&quot;:&quot;Leader Rent Anglet&lt;br&gt;\\n&lt;span style=\\&quot;font-size:12px;\\&quot;&gt;Route de Pitoys&lt;br&gt; 64600 ANGLET &lt;\\\/span&gt;&quot;,&quot;_id&quot;:&quot;7bc750b&quot;,&quot;hotspot_label&quot;:&quot;&quot;,&quot;hotspot_link&quot;:{&quot;url&quot;:&quot;&quot;,&quot;is_external&quot;:&quot;&quot;,&quot;nofollow&quot;:&quot;&quot;,&quot;custom_attributes&quot;:&quot;&quot;},&quot;hotspot_horizontal&quot;:&quot;left&quot;,&quot;hotspot_vertical&quot;:&quot;top&quot;,&quot;hotspot_position&quot;:&quot;&quot;},{&quot;hotspot_icon&quot;:{&quot;value&quot;:&quot;fas fa-map-marker-alt&quot;,&quot;library&quot;:&quot;fa-solid&quot;},&quot;hotspot_offset_x&quot;:{&quot;unit&quot;:&quot;%&quot;,&quot;size&quot;:65,&quot;sizes&quot;:[]},&quot;hotspot_offset_y&quot;:{&quot;unit&quot;:&quot;%&quot;,&quot;size&quot;:80,&quot;sizes&quot;:[]},&quot;hotspot_tooltip_position&quot;:&quot;yes&quot;,&quot;hotspot_tooltip_width&quot;:{&quot;unit&quot;:&quot;%&quot;,&quot;size&quot;:0,&quot;sizes&quot;:[]},&quot;hotspot_custom_size&quot;:&quot;&quot;,&quot;hotspot_tooltip_content&quot;:&quot;Leader Rent Toulouse&lt;br&gt;\\n&lt;span style=\\&quot;font-size:12px;\\&quot;&gt;144 Chemin du Sang De Serp &lt;br&gt;31200 TOULOUSE&lt;\\\/span&gt;&quot;,&quot;_id&quot;:&quot;c333e2c&quot;,&quot;hotspot_label&quot;:&quot;&quot;,&quot;hotspot_link&quot;:{&quot;url&quot;:&quot;&quot;,&quot;is_external&quot;:&quot;&quot;,&quot;nofollow&quot;:&quot;&quot;,&quot;custom_attributes&quot;:&quot;&quot;},&quot;hotspot_horizontal&quot;:&quot;left&quot;,&quot;hotspot_vertical&quot;:&quot;top&quot;,&quot;hotspot_position&quot;:&quot;&quot;}],&quot;hotspot_sequenced_animation&quot;:&quot;no&quot;,&quot;tooltip_position&quot;:&quot;top&quot;,&quot;tooltip_trigger&quot;:&quot;click&quot;,&quot;tooltip_animation&quot;:&quot;e-hotspot--fade-in-out&quot;}\" data-widget_type=\"hotspot.default\">\n\t\t\t\t<div class=\"elementor-widget-container\">\n\t\t\t\t\t<img fetchpriority=\"high\" decoding=\"async\" width=\"800\" height=\"800\" src=\"https:\/\/www.leader-rent.fr\/wp-content\/uploads\/2024\/11\/Carte-agences-1024x1024.webp\" class=\"attachment-large size-large wp-image-466\" alt=\"\" srcset=\"https:\/\/www.leader-rent.fr\/wp-content\/uploads\/2024\/11\/Carte-agences-1024x1024.webp 1024w, https:\/\/www.leader-rent.fr\/wp-content\/uploads\/2024\/11\/Carte-agences-300x300.webp 300w, https:\/\/www.leader-rent.fr\/wp-content\/uploads\/2024\/11\/Carte-agences-150x150.webp 150w, https:\/\/www.leader-rent.fr\/wp-content\/uploads\/2024\/11\/Carte-agences-768x768.webp 768w, https:\/\/www.leader-rent.fr\/wp-content\/uploads\/2024\/11\/Carte-agences-1536x1536.webp 1536w, https:\/\/www.leader-rent.fr\/wp-content\/uploads\/2024\/11\/Carte-agences.webp 2040w\" sizes=\"(max-width: 800px) 100vw, 800px\" \/>\n\t\t\t\t\t\t<div class=\"e-hotspot elementor-repeater-item-32de2c1  e-hotspot--position-left e-hotspot--position-top   e-hotspot--icon\">\n\n\t\t\t\t\t\t\t\t<div class=\"e-hotspot__button e-hotspot--expand\">\n\t\t\t\t\t\t\t\t\t\t\t\t\t\t\t\t\t\t<div class=\"e-hotspot__icon\"><svg class=\"e-font-icon-svg e-fas-map-marker-alt\" viewBox=\"0 0 384 512\" xmlns=\"http:\/\/www.w3.org\/2000\/svg\"><path d=\"M172.268 501.67C26.97 291.031 0 269.413 0 192 0 85.961 85.961 0 192 0s192 85.961 192 192c0 77.413-26.97 99.031-172.268 309.67-9.535 13.774-29.93 13.773-39.464 0zM192 272c44.183 0 80-35.817 80-80s-35.817-80-80-80-80 35.817-80 80 35.817 80 80 80z\"><\/path><\/svg><\/div>\n\t\t\t\t\t\t\t\t\t\t\t\t\t\t\t\t\t\t\t\t\t<\/div>\n\n\t\t\t\t\t\t\t\t\t\t\t\t\t\t\t\t\t\t<div class=\"e-hotspot__tooltip  e-hotspot--tooltip-position e-hotspot--fade-in-out \" >\n\t\t\t\t\t\tLeader Rent M\u00e9rignac<br>\n<span style=\"font-size:12px;\">1 Bis Avenue Marcel Dassault <br>33700 MERIGNAC<\/span>\t\t\t\t\t<\/div>\n\t\t\t\t\t\t\t\t\t\n\t\t\t<\/div>\n\n\t\n\t\t\t\t\t\t<div class=\"e-hotspot elementor-repeater-item-0baabc8  e-hotspot--position-left e-hotspot--position-top   e-hotspot--icon\">\n\n\t\t\t\t\t\t\t\t<div class=\"e-hotspot__button e-hotspot--expand\">\n\t\t\t\t\t\t\t\t\t\t\t\t\t\t\t\t\t\t<div class=\"e-hotspot__icon\"><svg class=\"e-font-icon-svg e-fas-map-marker-alt\" viewBox=\"0 0 384 512\" xmlns=\"http:\/\/www.w3.org\/2000\/svg\"><path d=\"M172.268 501.67C26.97 291.031 0 269.413 0 192 0 85.961 85.961 0 192 0s192 85.961 192 192c0 77.413-26.97 99.031-172.268 309.67-9.535 13.774-29.93 13.773-39.464 0zM192 272c44.183 0 80-35.817 80-80s-35.817-80-80-80-80 35.817-80 80 35.817 80 80 80z\"><\/path><\/svg><\/div>\n\t\t\t\t\t\t\t\t\t\t\t\t\t\t\t\t\t\t\t\t\t<\/div>\n\n\t\t\t\t\t\t\t\t\t\t\t\t\t\t\t\t\t\t<div class=\"e-hotspot__tooltip  e-hotspot--tooltip-position e-hotspot--fade-in-out \" >\n\t\t\t\t\t\tLeader Rent Tresses<br>\n<span style=\"font-size:12px;\">78 Bis Avenue de Branne<br>33370 TRESSES <\/span>\t\t\t\t\t<\/div>\n\t\t\t\t\t\t\t\t\t\n\t\t\t<\/div>\n\n\t\n\t\t\t\t\t\t<div class=\"e-hotspot elementor-repeater-item-7bc750b  e-hotspot--position-left e-hotspot--position-top   e-hotspot--icon\">\n\n\t\t\t\t\t\t\t\t<div class=\"e-hotspot__button e-hotspot--expand\">\n\t\t\t\t\t\t\t\t\t\t\t\t\t\t\t\t\t\t<div class=\"e-hotspot__icon\"><svg class=\"e-font-icon-svg e-fas-map-marker-alt\" viewBox=\"0 0 384 512\" xmlns=\"http:\/\/www.w3.org\/2000\/svg\"><path d=\"M172.268 501.67C26.97 291.031 0 269.413 0 192 0 85.961 85.961 0 192 0s192 85.961 192 192c0 77.413-26.97 99.031-172.268 309.67-9.535 13.774-29.93 13.773-39.464 0zM192 272c44.183 0 80-35.817 80-80s-35.817-80-80-80-80 35.817-80 80 35.817 80 80 80z\"><\/path><\/svg><\/div>\n\t\t\t\t\t\t\t\t\t\t\t\t\t\t\t\t\t\t\t\t\t<\/div>\n\n\t\t\t\t\t\t\t\t\t\t\t\t\t\t\t\t\t\t<div class=\"e-hotspot__tooltip  e-hotspot--tooltip-position e-hotspot--fade-in-out \" >\n\t\t\t\t\t\tLeader Rent Anglet<br>\n<span style=\"font-size:12px;\">Route de Pitoys<br> 64600 ANGLET <\/span>\t\t\t\t\t<\/div>\n\t\t\t\t\t\t\t\t\t\n\t\t\t<\/div>\n\n\t\n\t\t\t\t\t\t<div class=\"e-hotspot elementor-repeater-item-c333e2c  e-hotspot--position-left e-hotspot--position-top   e-hotspot--icon\">\n\n\t\t\t\t\t\t\t\t<div class=\"e-hotspot__button e-hotspot--expand\">\n\t\t\t\t\t\t\t\t\t\t\t\t\t\t\t\t\t\t<div class=\"e-hotspot__icon\"><svg class=\"e-font-icon-svg e-fas-map-marker-alt\" viewBox=\"0 0 384 512\" xmlns=\"http:\/\/www.w3.org\/2000\/svg\"><path d=\"M172.268 501.67C26.97 291.031 0 269.413 0 192 0 85.961 85.961 0 192 0s192 85.961 192 192c0 77.413-26.97 99.031-172.268 309.67-9.535 13.774-29.93 13.773-39.464 0zM192 272c44.183 0 80-35.817 80-80s-35.817-80-80-80-80 35.817-80 80 35.817 80 80 80z\"><\/path><\/svg><\/div>\n\t\t\t\t\t\t\t\t\t\t\t\t\t\t\t\t\t\t\t\t\t<\/div>\n\n\t\t\t\t\t\t\t\t\t\t\t\t\t\t\t\t\t\t<div class=\"e-hotspot__tooltip  e-hotspot--tooltip-position e-hotspot--fade-in-out \" >\n\t\t\t\t\t\tLeader Rent Toulouse<br>\n<span style=\"font-size:12px;\">144 Chemin du Sang De Serp <br>31200 TOULOUSE<\/span>\t\t\t\t\t<\/div>\n\t\t\t\t\t\t\t\t\t\n\t\t\t<\/div>\n\n\t\n\t\t\t\t\t\t<\/div>\n\t\t\t\t<\/div>\n\t\t\t\t<\/div>\n\t\t<div class=\"elementor-element elementor-element-9d00e81 e-con-full e-flex e-con e-child\" data-id=\"9d00e81\" data-element_type=\"container\" data-e-type=\"container\">\n\t\t<div class=\"elementor-element elementor-element-12cbe23 e-con-full e-grid e-con e-child\" data-id=\"12cbe23\" data-element_type=\"container\" data-e-type=\"container\">\n\t\t<div class=\"elementor-element elementor-element-1c37879 e-con-full e-flex e-con e-child\" data-id=\"1c37879\" data-element_type=\"container\" data-e-type=\"container\">\n\t\t\t\t<div class=\"elementor-element elementor-element-f1217ff dce_masking-none elementor-widget elementor-widget-image\" data-id=\"f1217ff\" data-element_type=\"widget\" data-e-type=\"widget\" data-widget_type=\"image.default\">\n\t\t\t\t<div class=\"elementor-widget-container\">\n\t\t\t\t\t\t\t\t\t\t\t\t\t\t\t<img decoding=\"async\" width=\"800\" height=\"588\" src=\"https:\/\/www.leader-rent.fr\/wp-content\/uploads\/2024\/11\/6.png\" class=\"attachment-large size-large wp-image-257\" alt=\"\" srcset=\"https:\/\/www.leader-rent.fr\/wp-content\/uploads\/2024\/11\/6.png 870w, https:\/\/www.leader-rent.fr\/wp-content\/uploads\/2024\/11\/6-300x220.png 300w, https:\/\/www.leader-rent.fr\/wp-content\/uploads\/2024\/11\/6-768x564.png 768w\" sizes=\"(max-width: 800px) 100vw, 800px\" \/>\t\t\t\t\t\t\t\t\t\t\t\t\t\t\t<\/div>\n\t\t\t\t<\/div>\n\t\t\t\t<div class=\"elementor-element elementor-element-98bcc6e elementor-widget elementor-widget-heading\" data-id=\"98bcc6e\" data-element_type=\"widget\" data-e-type=\"widget\" data-widget_type=\"heading.default\">\n\t\t\t\t<div class=\"elementor-widget-container\">\n\t\t\t\t\t<h3 class=\"elementor-heading-title elementor-size-default\"><a href=\"http:\/\/www.leader-rent.fr\/en\/nos-agences\/location-vehicules-merignac\/\">Leader Rent M\u00e9rignac &gt;<\/a><\/h3>\t\t\t\t<\/div>\n\t\t\t\t<\/div>\n\t\t\t\t<\/div>\n\t\t<div class=\"elementor-element elementor-element-f1cfbf3 e-con-full e-flex e-con e-child\" data-id=\"f1cfbf3\" data-element_type=\"container\" data-e-type=\"container\">\n\t\t\t\t<div class=\"elementor-element elementor-element-8d4ed7c dce_masking-none elementor-widget elementor-widget-image\" data-id=\"8d4ed7c\" data-element_type=\"widget\" data-e-type=\"widget\" data-widget_type=\"image.default\">\n\t\t\t\t<div class=\"elementor-widget-container\">\n\t\t\t\t\t\t\t\t\t\t\t\t\t\t\t<img decoding=\"async\" width=\"800\" height=\"588\" src=\"https:\/\/www.leader-rent.fr\/wp-content\/uploads\/2024\/11\/7.png\" class=\"attachment-large size-large wp-image-263\" alt=\"\" srcset=\"https:\/\/www.leader-rent.fr\/wp-content\/uploads\/2024\/11\/7.png 870w, https:\/\/www.leader-rent.fr\/wp-content\/uploads\/2024\/11\/7-300x220.png 300w, https:\/\/www.leader-rent.fr\/wp-content\/uploads\/2024\/11\/7-768x564.png 768w\" sizes=\"(max-width: 800px) 100vw, 800px\" \/>\t\t\t\t\t\t\t\t\t\t\t\t\t\t\t<\/div>\n\t\t\t\t<\/div>\n\t\t\t\t<div class=\"elementor-element elementor-element-041ec2f elementor-widget elementor-widget-heading\" data-id=\"041ec2f\" data-element_type=\"widget\" data-e-type=\"widget\" data-widget_type=\"heading.default\">\n\t\t\t\t<div class=\"elementor-widget-container\">\n\t\t\t\t\t<h3 class=\"elementor-heading-title elementor-size-default\"><a href=\"http:\/\/www.leader-rent.fr\/en\/nos-agences\/location-vehicules-tresses\/\">Leader Rent Tresses &gt;<\/a><\/h3>\t\t\t\t<\/div>\n\t\t\t\t<\/div>\n\t\t\t\t<\/div>\n\t\t<div class=\"elementor-element elementor-element-1d39a32 e-con-full e-flex e-con e-child\" data-id=\"1d39a32\" data-element_type=\"container\" data-e-type=\"container\">\n\t\t\t\t<div class=\"elementor-element elementor-element-46f02cb dce_masking-none elementor-widget elementor-widget-image\" data-id=\"46f02cb\" data-element_type=\"widget\" data-e-type=\"widget\" data-widget_type=\"image.default\">\n\t\t\t\t<div class=\"elementor-widget-container\">\n\t\t\t\t\t\t\t\t\t\t\t\t\t\t\t<img loading=\"lazy\" decoding=\"async\" width=\"800\" height=\"588\" src=\"https:\/\/www.leader-rent.fr\/wp-content\/uploads\/2024\/11\/8.png\" class=\"attachment-large size-large wp-image-264\" alt=\"\" srcset=\"https:\/\/www.leader-rent.fr\/wp-content\/uploads\/2024\/11\/8.png 870w, https:\/\/www.leader-rent.fr\/wp-content\/uploads\/2024\/11\/8-300x220.png 300w, https:\/\/www.leader-rent.fr\/wp-content\/uploads\/2024\/11\/8-768x564.png 768w\" sizes=\"(max-width: 800px) 100vw, 800px\" \/>\t\t\t\t\t\t\t\t\t\t\t\t\t\t\t<\/div>\n\t\t\t\t<\/div>\n\t\t\t\t<div class=\"elementor-element elementor-element-4631cc3 elementor-widget elementor-widget-heading\" data-id=\"4631cc3\" data-element_type=\"widget\" data-e-type=\"widget\" data-widget_type=\"heading.default\">\n\t\t\t\t<div class=\"elementor-widget-container\">\n\t\t\t\t\t<h3 class=\"elementor-heading-title elementor-size-default\"><a href=\"http:\/\/www.leader-rent.fr\/en\/nos-agences\/location-vehicules-toulouse\/\">Leader Rent Toulouse &gt;<\/a><\/h3>\t\t\t\t<\/div>\n\t\t\t\t<\/div>\n\t\t\t\t<\/div>\n\t\t<div class=\"elementor-element elementor-element-c8080b9 e-con-full e-flex e-con e-child\" data-id=\"c8080b9\" data-element_type=\"container\" data-e-type=\"container\">\n\t\t\t\t<div class=\"elementor-element elementor-element-7ff1e5e dce_masking-none elementor-widget elementor-widget-image\" data-id=\"7ff1e5e\" data-element_type=\"widget\" data-e-type=\"widget\" data-widget_type=\"image.default\">\n\t\t\t\t<div class=\"elementor-widget-container\">\n\t\t\t\t\t\t\t\t\t\t\t\t\t\t\t<img loading=\"lazy\" decoding=\"async\" width=\"800\" height=\"588\" src=\"https:\/\/www.leader-rent.fr\/wp-content\/uploads\/2024\/11\/9.png\" class=\"attachment-large size-large wp-image-265\" alt=\"\" srcset=\"https:\/\/www.leader-rent.fr\/wp-content\/uploads\/2024\/11\/9.png 870w, https:\/\/www.leader-rent.fr\/wp-content\/uploads\/2024\/11\/9-300x220.png 300w, https:\/\/www.leader-rent.fr\/wp-content\/uploads\/2024\/11\/9-768x564.png 768w\" sizes=\"(max-width: 800px) 100vw, 800px\" \/>\t\t\t\t\t\t\t\t\t\t\t\t\t\t\t<\/div>\n\t\t\t\t<\/div>\n\t\t\t\t<div class=\"elementor-element elementor-element-0427e36 elementor-widget elementor-widget-heading\" data-id=\"0427e36\" data-element_type=\"widget\" data-e-type=\"widget\" data-widget_type=\"heading.default\">\n\t\t\t\t<div class=\"elementor-widget-container\">\n\t\t\t\t\t<h3 class=\"elementor-heading-title elementor-size-default\"><a href=\"http:\/\/www.leader-rent.fr\/en\/nos-agences\/location-vehicules-anglet\/\">Leader Rent Anglet &gt;<\/a><\/h3>\t\t\t\t<\/div>\n\t\t\t\t<\/div>\n\t\t\t\t<\/div>\n\t\t\t\t<\/div>\n\t\t\t\t<\/div>\n\t\t\t\t\t<\/div>\n\t\t\t\t<\/div>\n\t\t\t\t<\/div>\n\t\t","protected":false},"excerpt":{"rendered":"<p>Location dans le sud-ouest Louez des v\u00e9hicules de qualit\u00e9s en France. Notre flotte compte plus de 1500 utilitaires et voitures de location, dont les meilleurs mod\u00e8les des constructeurs automobiles comme Peugeot, Renault, Volkswagen et bien d\u2019autres encore. Leader Rent M\u00e9rignac 1 Bis Avenue Marcel Dassault 33700 MERIGNAC Leader Rent Tresses 78 Bis Avenue de Branne33370 [&hellip;]<\/p>\n","protected":false},"author":1,"featured_media":522,"parent":0,"menu_order":0,"comment_status":"closed","ping_status":"closed","template":"","meta":{"_acf_changed":false,"footnotes":""},"class_list":["post-8","page","type-page","status-publish","has-post-thumbnail","hentry"],"acf":[],"_links":{"self":[{"href":"http:\/\/www.leader-rent.fr\/en\/wp-json\/wp\/v2\/pages\/8","targetHints":{"allow":["GET"]}}],"collection":[{"href":"http:\/\/www.leader-rent.fr\/en\/wp-json\/wp\/v2\/pages"}],"about":[{"href":"http:\/\/www.leader-rent.fr\/en\/wp-json\/wp\/v2\/types\/page"}],"author":[{"embeddable":true,"href":"http:\/\/www.leader-rent.fr\/en\/wp-json\/wp\/v2\/users\/1"}],"replies":[{"embeddable":true,"href":"http:\/\/www.leader-rent.fr\/en\/wp-json\/wp\/v2\/comments?post=8"}],"version-history":[{"count":2,"href":"http:\/\/www.leader-rent.fr\/en\/wp-json\/wp\/v2\/pages\/8\/revisions"}],"predecessor-version":[{"id":1570,"href":"http:\/\/www.leader-rent.fr\/en\/wp-json\/wp\/v2\/pages\/8\/revisions\/1570"}],"wp:featuredmedia":[{"embeddable":true,"href":"http:\/\/www.leader-rent.fr\/en\/wp-json\/wp\/v2\/media\/522"}],"wp:attachment":[{"href":"http:\/\/www.leader-rent.fr\/en\/wp-json\/wp\/v2\/media?parent=8"}],"curies":[{"name":"wp","href":"https:\/\/api.w.org\/{rel}","templated":true}]}}