{"id":1482,"date":"2025-06-09T11:25:05","date_gmt":"2025-06-09T11:25:05","guid":{"rendered":"https:\/\/www.leader-rent.fr\/?page_id=1482"},"modified":"2025-06-09T14:03:07","modified_gmt":"2025-06-09T14:03:07","slug":"validation","status":"publish","type":"page","link":"https:\/\/www.leader-rent.fr\/en\/contact\/validation\/","title":{"rendered":"Validation"},"content":{"rendered":"<div data-elementor-type=\"wp-page\" data-elementor-id=\"1482\" class=\"elementor elementor-1482\" data-elementor-post-type=\"page\">\n\t\t\t\t<div class=\"elementor-element elementor-element-d0ecc05 e-flex e-con-boxed e-con e-parent\" data-id=\"d0ecc05\" data-element_type=\"container\" data-e-type=\"container\">\n\t\t\t\t\t<div class=\"e-con-inner\">\n\t\t<div class=\"elementor-element elementor-element-3026529 e-con-full e-flex e-con e-child\" data-id=\"3026529\" data-element_type=\"container\" data-e-type=\"container\">\n\t\t<div class=\"elementor-element elementor-element-f655f22 e-con-full e-flex e-con e-child\" data-id=\"f655f22\" data-element_type=\"container\" data-e-type=\"container\">\n\t\t\t\t<div class=\"elementor-element elementor-element-9169f4a elementor-widget elementor-widget-heading\" data-id=\"9169f4a\" data-element_type=\"widget\" data-e-type=\"widget\" data-widget_type=\"heading.default\">\n\t\t\t\t<div class=\"elementor-widget-container\">\n\t\t\t\t\t<h2 class=\"elementor-heading-title elementor-size-default\">Formulaire envoy\u00e9<\/h2>\t\t\t\t<\/div>\n\t\t\t\t<\/div>\n\t\t<div class=\"elementor-element elementor-element-9d3f5f9 e-con-full e-flex e-con e-child\" data-id=\"9d3f5f9\" data-element_type=\"container\" data-e-type=\"container\">\n\t\t\t\t<\/div>\n\t\t\t\t<div class=\"elementor-element elementor-element-52a3a26 elementor-widget__width-auto elementor-widget elementor-widget-heading\" data-id=\"52a3a26\" data-element_type=\"widget\" data-e-type=\"widget\" data-widget_type=\"heading.default\">\n\t\t\t\t<div class=\"elementor-widget-container\">\n\t\t\t\t\t<span class=\"elementor-heading-title elementor-size-default\">Nous avons bien re\u00e7u votre message.<br>Nous vous contacterons d\u00e8s que possible par mail.<\/span>\t\t\t\t<\/div>\n\t\t\t\t<\/div>\n\t\t\t\t<div class=\"elementor-element elementor-element-1a988ef elementor-widget elementor-widget-heading\" data-id=\"1a988ef\" data-element_type=\"widget\" data-e-type=\"widget\" data-widget_type=\"heading.default\">\n\t\t\t\t<div class=\"elementor-widget-container\">\n\t\t\t\t\t<p class=\"elementor-heading-title elementor-size-default\">L'\u00e9quipe Leader Rent.<\/p>\t\t\t\t<\/div>\n\t\t\t\t<\/div>\n\t\t\t\t<\/div>\n\t\t\t\t<\/div>\n\t\t<div class=\"elementor-element elementor-element-64e35df e-con-full e-flex e-con e-child\" data-id=\"64e35df\" data-element_type=\"container\" data-e-type=\"container\">\n\t\t<div class=\"elementor-element elementor-element-595e83e e-con-full e-grid e-con e-child\" data-id=\"595e83e\" data-element_type=\"container\" data-e-type=\"container\">\n\t\t<div class=\"elementor-element elementor-element-c7db5df e-con-full e-flex e-con e-child\" data-id=\"c7db5df\" data-element_type=\"container\" data-e-type=\"container\">\n\t\t\t\t<div class=\"elementor-element elementor-element-c72d1ab dce_masking-none elementor-widget elementor-widget-image\" data-id=\"c72d1ab\" data-element_type=\"widget\" data-e-type=\"widget\" data-widget_type=\"image.default\">\n\t\t\t\t<div class=\"elementor-widget-container\">\n\t\t\t\t\t\t\t\t\t\t\t\t\t\t\t<img fetchpriority=\"high\" decoding=\"async\" width=\"800\" height=\"588\" src=\"https:\/\/www.leader-rent.fr\/wp-content\/uploads\/2024\/11\/6.png\" class=\"attachment-large size-large wp-image-257\" alt=\"\" srcset=\"https:\/\/www.leader-rent.fr\/wp-content\/uploads\/2024\/11\/6.png 870w, https:\/\/www.leader-rent.fr\/wp-content\/uploads\/2024\/11\/6-300x220.png 300w, https:\/\/www.leader-rent.fr\/wp-content\/uploads\/2024\/11\/6-768x564.png 768w\" sizes=\"(max-width: 800px) 100vw, 800px\" \/>\t\t\t\t\t\t\t\t\t\t\t\t\t\t\t<\/div>\n\t\t\t\t<\/div>\n\t\t\t\t<div class=\"elementor-element elementor-element-fe8fb1f elementor-widget elementor-widget-heading\" data-id=\"fe8fb1f\" data-element_type=\"widget\" data-e-type=\"widget\" data-widget_type=\"heading.default\">\n\t\t\t\t<div class=\"elementor-widget-container\">\n\t\t\t\t\t<h3 class=\"elementor-heading-title elementor-size-default\"><a href=\"https:\/\/www.leader-rent.fr\/en\/nos-agences\/location-vehicules-merignac\/\">Leader Rent M\u00e9rignac &gt;<\/a><\/h3>\t\t\t\t<\/div>\n\t\t\t\t<\/div>\n\t\t\t\t<\/div>\n\t\t<div class=\"elementor-element elementor-element-4df0d4e e-con-full e-flex e-con e-child\" data-id=\"4df0d4e\" data-element_type=\"container\" data-e-type=\"container\">\n\t\t\t\t<div class=\"elementor-element elementor-element-6b3b1db dce_masking-none elementor-widget elementor-widget-image\" data-id=\"6b3b1db\" data-element_type=\"widget\" data-e-type=\"widget\" data-widget_type=\"image.default\">\n\t\t\t\t<div class=\"elementor-widget-container\">\n\t\t\t\t\t\t\t\t\t\t\t\t\t\t\t<img decoding=\"async\" width=\"800\" height=\"588\" src=\"https:\/\/www.leader-rent.fr\/wp-content\/uploads\/2024\/11\/7.png\" class=\"attachment-large size-large wp-image-263\" alt=\"\" srcset=\"https:\/\/www.leader-rent.fr\/wp-content\/uploads\/2024\/11\/7.png 870w, https:\/\/www.leader-rent.fr\/wp-content\/uploads\/2024\/11\/7-300x220.png 300w, https:\/\/www.leader-rent.fr\/wp-content\/uploads\/2024\/11\/7-768x564.png 768w\" sizes=\"(max-width: 800px) 100vw, 800px\" \/>\t\t\t\t\t\t\t\t\t\t\t\t\t\t\t<\/div>\n\t\t\t\t<\/div>\n\t\t\t\t<div class=\"elementor-element elementor-element-2f4f721 elementor-widget elementor-widget-heading\" data-id=\"2f4f721\" data-element_type=\"widget\" data-e-type=\"widget\" data-widget_type=\"heading.default\">\n\t\t\t\t<div class=\"elementor-widget-container\">\n\t\t\t\t\t<h3 class=\"elementor-heading-title elementor-size-default\"><a href=\"https:\/\/www.leader-rent.fr\/en\/nos-agences\/location-vehicules-tresses\/\">Leader Rent Tresses &gt;<\/a><\/h3>\t\t\t\t<\/div>\n\t\t\t\t<\/div>\n\t\t\t\t<\/div>\n\t\t<div class=\"elementor-element elementor-element-7ce38e7 e-con-full e-flex e-con e-child\" data-id=\"7ce38e7\" data-element_type=\"container\" data-e-type=\"container\">\n\t\t\t\t<div class=\"elementor-element elementor-element-e436a56 dce_masking-none elementor-widget elementor-widget-image\" data-id=\"e436a56\" data-element_type=\"widget\" data-e-type=\"widget\" data-widget_type=\"image.default\">\n\t\t\t\t<div class=\"elementor-widget-container\">\n\t\t\t\t\t\t\t\t\t\t\t\t\t\t\t<img decoding=\"async\" width=\"800\" height=\"588\" src=\"https:\/\/www.leader-rent.fr\/wp-content\/uploads\/2024\/11\/8.png\" class=\"attachment-large size-large wp-image-264\" alt=\"\" srcset=\"https:\/\/www.leader-rent.fr\/wp-content\/uploads\/2024\/11\/8.png 870w, https:\/\/www.leader-rent.fr\/wp-content\/uploads\/2024\/11\/8-300x220.png 300w, https:\/\/www.leader-rent.fr\/wp-content\/uploads\/2024\/11\/8-768x564.png 768w\" sizes=\"(max-width: 800px) 100vw, 800px\" \/>\t\t\t\t\t\t\t\t\t\t\t\t\t\t\t<\/div>\n\t\t\t\t<\/div>\n\t\t\t\t<div class=\"elementor-element elementor-element-4fd453a elementor-widget elementor-widget-heading\" data-id=\"4fd453a\" data-element_type=\"widget\" data-e-type=\"widget\" data-widget_type=\"heading.default\">\n\t\t\t\t<div class=\"elementor-widget-container\">\n\t\t\t\t\t<h3 class=\"elementor-heading-title elementor-size-default\"><a href=\"https:\/\/www.leader-rent.fr\/en\/nos-agences\/location-vehicules-toulouse\/\">Leader Rent Toulouse &gt;<\/a><\/h3>\t\t\t\t<\/div>\n\t\t\t\t<\/div>\n\t\t\t\t<\/div>\n\t\t<div class=\"elementor-element elementor-element-6179a59 e-con-full e-flex e-con e-child\" data-id=\"6179a59\" data-element_type=\"container\" data-e-type=\"container\">\n\t\t\t\t<div class=\"elementor-element elementor-element-54e4baf dce_masking-none elementor-widget elementor-widget-image\" data-id=\"54e4baf\" data-element_type=\"widget\" data-e-type=\"widget\" data-widget_type=\"image.default\">\n\t\t\t\t<div class=\"elementor-widget-container\">\n\t\t\t\t\t\t\t\t\t\t\t\t\t\t\t<img loading=\"lazy\" decoding=\"async\" width=\"800\" height=\"588\" src=\"https:\/\/www.leader-rent.fr\/wp-content\/uploads\/2024\/11\/9.png\" class=\"attachment-large size-large wp-image-265\" alt=\"\" srcset=\"https:\/\/www.leader-rent.fr\/wp-content\/uploads\/2024\/11\/9.png 870w, https:\/\/www.leader-rent.fr\/wp-content\/uploads\/2024\/11\/9-300x220.png 300w, https:\/\/www.leader-rent.fr\/wp-content\/uploads\/2024\/11\/9-768x564.png 768w\" sizes=\"(max-width: 800px) 100vw, 800px\" \/>\t\t\t\t\t\t\t\t\t\t\t\t\t\t\t<\/div>\n\t\t\t\t<\/div>\n\t\t\t\t<div class=\"elementor-element elementor-element-9fe4a15 elementor-widget elementor-widget-heading\" data-id=\"9fe4a15\" data-element_type=\"widget\" data-e-type=\"widget\" data-widget_type=\"heading.default\">\n\t\t\t\t<div class=\"elementor-widget-container\">\n\t\t\t\t\t<h3 class=\"elementor-heading-title elementor-size-default\"><a href=\"https:\/\/www.leader-rent.fr\/en\/nos-agences\/location-vehicules-anglet\/\">Leader Rent Anglet &gt;<\/a><\/h3>\t\t\t\t<\/div>\n\t\t\t\t<\/div>\n\t\t\t\t<\/div>\n\t\t\t\t<\/div>\n\t\t\t\t<\/div>\n\t\t\t\t\t<\/div>\n\t\t\t\t<\/div>\n\t\t<div class=\"elementor-element elementor-element-26550f7 e-flex e-con-boxed e-con e-parent\" data-id=\"26550f7\" data-element_type=\"container\" data-e-type=\"container\">\n\t\t\t\t\t<div class=\"e-con-inner\">\n\t\t\t\t\t<\/div>\n\t\t\t\t<\/div>\n\t\t\t\t<\/div>","protected":false},"excerpt":{"rendered":"<p>Formulaire envoy\u00e9 Nous avons bien re\u00e7u votre message.Nous vous contacterons d\u00e8s que possible par mail. L&rsquo;\u00e9quipe Leader Rent. Leader Rent M\u00e9rignac > Leader Rent Tresses > Leader Rent Toulouse > Leader Rent Anglet ><\/p>","protected":false},"author":1,"featured_media":1404,"parent":17,"menu_order":0,"comment_status":"closed","ping_status":"closed","template":"","meta":{"_acf_changed":false,"footnotes":""},"class_list":["post-1482","page","type-page","status-publish","has-post-thumbnail","hentry"],"acf":[],"_links":{"self":[{"href":"https:\/\/www.leader-rent.fr\/en\/wp-json\/wp\/v2\/pages\/1482","targetHints":{"allow":["GET"]}}],"collection":[{"href":"https:\/\/www.leader-rent.fr\/en\/wp-json\/wp\/v2\/pages"}],"about":[{"href":"https:\/\/www.leader-rent.fr\/en\/wp-json\/wp\/v2\/types\/page"}],"author":[{"embeddable":true,"href":"https:\/\/www.leader-rent.fr\/en\/wp-json\/wp\/v2\/users\/1"}],"replies":[{"embeddable":true,"href":"https:\/\/www.leader-rent.fr\/en\/wp-json\/wp\/v2\/comments?post=1482"}],"version-history":[{"count":19,"href":"https:\/\/www.leader-rent.fr\/en\/wp-json\/wp\/v2\/pages\/1482\/revisions"}],"predecessor-version":[{"id":1514,"href":"https:\/\/www.leader-rent.fr\/en\/wp-json\/wp\/v2\/pages\/1482\/revisions\/1514"}],"up":[{"embeddable":true,"href":"https:\/\/www.leader-rent.fr\/en\/wp-json\/wp\/v2\/pages\/17"}],"wp:featuredmedia":[{"embeddable":true,"href":"https:\/\/www.leader-rent.fr\/en\/wp-json\/wp\/v2\/media\/1404"}],"wp:attachment":[{"href":"https:\/\/www.leader-rent.fr\/en\/wp-json\/wp\/v2\/media?parent=1482"}],"curies":[{"name":"wp","href":"https:\/\/api.w.org\/{rel}","templated":true}]}}